{"id":493,"date":"2020-01-29T17:57:44","date_gmt":"2020-01-29T16:57:44","guid":{"rendered":"https:\/\/www.hotelzanarini.itristorazione\/"},"modified":"2020-04-07T10:47:26","modified_gmt":"2020-04-07T08:47:26","slug":"kueche","status":"publish","type":"page","link":"https:\/\/www.hotelzanarini.it\/de\/kueche\/","title":{"rendered":"K\u00fcche"},"content":{"rendered":"<p>Zum Fr\u00fchst\u00fcck k\u00f6nnen Sie zwischen <strong>vielen s\u00fc\u00dfen und herzhaften K\u00f6stlichkeiten am Buffet<\/strong> ausw\u00e4hlen, um den Tag mit neuer Energie zu starten.<\/p>\n<p>Mittags und abends bereiten wir immer ein <strong>reichhaltiges Buffet mit Gem\u00fcse und Rohkost<\/strong> zu, und verschiedene <strong>Fleisch- oder Fischmen\u00fcs zur Auswahl<\/strong>, die Ihnen direkt am Tisch serviert werden. Als kr\u00f6nenden Abschluss frisches Obst und Desserts in unserem <strong>hellen und ger\u00e4umigen Speisesaal<\/strong>.<\/p>\n<p>Wir kommen gerne allen Ihren W\u00fcnschen und Bed\u00fcrfnissen entgegen: In unserem Hotel in Riccione. Kindern stehen einfache, gesunde und leckere Gerichte zur Verf\u00fcgung und spezielle <strong>Babymen\u00fcs!<\/strong><\/p>\n","protected":false},"excerpt":{"rendered":"<p>Zum Fr\u00fchst\u00fcck k\u00f6nnen Sie zwischen vielen s\u00fc\u00dfen und herzhaften K\u00f6stlichkeiten am Buffet ausw\u00e4hlen, um den Tag mit neuer Energie zu &#8230;<\/p>\n","protected":false},"author":1,"featured_media":0,"parent":0,"menu_order":0,"comment_status":"closed","ping_status":"closed","template":"","meta":{"_acf_changed":false},"class_list":["post-493","page","type-page","status-publish","hentry"],"acf":[],"_links":{"self":[{"href":"https:\/\/www.hotelzanarini.it\/de\/wp-json\/wp\/v2\/pages\/493","targetHints":{"allow":["GET"]}}],"collection":[{"href":"https:\/\/www.hotelzanarini.it\/de\/wp-json\/wp\/v2\/pages"}],"about":[{"href":"https:\/\/www.hotelzanarini.it\/de\/wp-json\/wp\/v2\/types\/page"}],"author":[{"embeddable":true,"href":"https:\/\/www.hotelzanarini.it\/de\/wp-json\/wp\/v2\/users\/1"}],"replies":[{"embeddable":true,"href":"https:\/\/www.hotelzanarini.it\/de\/wp-json\/wp\/v2\/comments?post=493"}],"version-history":[{"count":0,"href":"https:\/\/www.hotelzanarini.it\/de\/wp-json\/wp\/v2\/pages\/493\/revisions"}],"wp:attachment":[{"href":"https:\/\/www.hotelzanarini.it\/de\/wp-json\/wp\/v2\/media?parent=493"}],"curies":[{"name":"wp","href":"https:\/\/api.w.org\/{rel}","templated":true}]}}