{"id":508,"date":"2020-01-29T17:36:40","date_gmt":"2020-01-29T16:36:40","guid":{"rendered":"https:\/\/www.hotelzanarini.itservizi-a-misura-di-persona\/"},"modified":"2020-02-18T09:41:18","modified_gmt":"2020-02-18T08:41:18","slug":"service","status":"publish","type":"page","link":"https:\/\/www.hotelzanarini.it\/de\/service\/","title":{"rendered":"Service"},"content":{"rendered":"<h2>Familien<\/h2>\n<p>In unserem <strong>Hotel f\u00fcr Familien in Riccione<\/strong> erwarten Sie viele Vorteile f\u00fcr Kinder und ihre Familien: Genie\u00dfen Sie <strong>einen sorglosen Urlaub f\u00fcr Mama und Papa<\/strong> und einen super-lustigen Urlaub f\u00fcr alle unseren kleinen G\u00e4ste!<\/p>\n<div id='gallery-1' class='gallery galleryid-508 gallery-columns-3 gallery-size-medium'><figure class='gallery-item'>\n\t\t\t<div class='gallery-icon landscape'>\n\t\t\t\t<a href='https:\/\/www.hotelzanarini.it\/wp-content\/uploads\/2020\/01\/family4.jpg' data-size=\"1200x900\"><img loading=\"lazy\" decoding=\"async\" width=\"640\" height=\"420\" src=\"https:\/\/www.hotelzanarini.it\/wp-content\/uploads\/2020\/01\/family4-640x420.jpg\" class=\"attachment-medium size-medium\" alt=\"\" \/><\/a>\n\t\t\t<\/div><\/figure><figure class='gallery-item'>\n\t\t\t<div class='gallery-icon landscape'>\n\t\t\t\t<a href='https:\/\/www.hotelzanarini.it\/wp-content\/uploads\/2020\/01\/spazio-gioci-interno.jpg' data-size=\"1200x900\"><img loading=\"lazy\" decoding=\"async\" width=\"640\" height=\"420\" src=\"https:\/\/www.hotelzanarini.it\/wp-content\/uploads\/2020\/01\/spazio-gioci-interno-640x420.jpg\" class=\"attachment-medium size-medium\" alt=\"\" \/><\/a>\n\t\t\t<\/div><\/figure><figure class='gallery-item'>\n\t\t\t<div class='gallery-icon landscape'>\n\t\t\t\t<a href='https:\/\/www.hotelzanarini.it\/wp-content\/uploads\/2020\/01\/spazio-bimbi-esterno.jpg' data-size=\"1200x900\"><img loading=\"lazy\" decoding=\"async\" width=\"640\" height=\"420\" src=\"https:\/\/www.hotelzanarini.it\/wp-content\/uploads\/2020\/01\/spazio-bimbi-esterno-640x420.jpg\" class=\"attachment-medium size-medium\" alt=\"\" \/><\/a>\n\t\t\t<\/div><\/figure><figure class='gallery-item'>\n\t\t\t<div class='gallery-icon landscape'>\n\t\t\t\t<a href='https:\/\/www.hotelzanarini.it\/wp-content\/uploads\/2020\/01\/family3.jpg' data-size=\"1200x900\"><img loading=\"lazy\" decoding=\"async\" width=\"640\" height=\"420\" src=\"https:\/\/www.hotelzanarini.it\/wp-content\/uploads\/2020\/01\/family3-640x420.jpg\" class=\"attachment-medium size-medium\" alt=\"\" \/><\/a>\n\t\t\t<\/div><\/figure><figure class='gallery-item'>\n\t\t\t<div class='gallery-icon landscape'>\n\t\t\t\t<a href='https:\/\/www.hotelzanarini.it\/wp-content\/uploads\/2020\/01\/family1.jpg' data-size=\"1200x900\"><img loading=\"lazy\" decoding=\"async\" width=\"640\" height=\"420\" src=\"https:\/\/www.hotelzanarini.it\/wp-content\/uploads\/2020\/01\/family1-640x420.jpg\" class=\"attachment-medium size-medium\" alt=\"\" \/><\/a>\n\t\t\t<\/div><\/figure><figure class='gallery-item'>\n\t\t\t<div class='gallery-icon landscape'>\n\t\t\t\t<a href='https:\/\/www.hotelzanarini.it\/wp-content\/uploads\/2020\/01\/bici.jpg' data-size=\"1200x900\"><img loading=\"lazy\" decoding=\"async\" width=\"640\" height=\"420\" src=\"https:\/\/www.hotelzanarini.it\/wp-content\/uploads\/2020\/01\/bici-640x420.jpg\" class=\"attachment-medium size-medium\" alt=\"\" \/><\/a>\n\t\t\t<\/div><\/figure>\n\t\t<\/div>\n\n<p><strong>F\u00fcr Sie: <\/strong>Spielplatz, Animation, Vereinbarungen mit den Freizeitparks, Babymen\u00fc, Babysitter<\/p>\n<h2>Paare<\/h2>\n<p>Riccione ist das ideale Urlaubsziel f\u00fcr einen <strong>Urlaub mit dem Partner<\/strong>: Ein junger und glamour\u00f6ser Ort mit vielen <strong>Gesch\u00e4ften, Lokalen und Restaurants<\/strong>, das perfekte Angebot f\u00fcr einen romantischen, entspannten und lustigen Urlaub.<\/p>\n<p><strong>F\u00fcr Sie: <\/strong><\/p>\n<ul>\n<li>Erm\u00e4\u00dfigte Eintrittskarten f\u00fcr die Freizeitparks<\/li>\n<li>Wir befinden uns nur 500 Meter von den Thermen in Riccione entfernt<\/li>\n<\/ul>\n<h2>Servizi per tutti<\/h2>\n<p>Il nostro hotel offre a tutti i propri ospiti, sia che siano in <strong>vacanza per piacere<\/strong> sia che arrivino a Riccione per <strong>impegni di lavoro<\/strong>, numerosi vantaggi. Concediti un soggiorno tranquillo e senza pensieri, <strong>tra i servizi proposti troverai<\/strong>:<\/p>\n<ul>\n<li>Parcheggio interno ad esaurimento a pagamento<\/li>\n<li>Ambienti climatizzati<\/li>\n<li>Ampio bar aperto 24 ore su 24<\/li>\n<li>Portiere notturno<\/li>\n<li>Sala tv<\/li>\n<li>Ascensore<\/li>\n<li>Biciclette<\/li>\n<\/ul>\n","protected":false},"excerpt":{"rendered":"<p>Familien In unserem Hotel f\u00fcr Familien in Riccione erwarten Sie viele Vorteile f\u00fcr Kinder und ihre Familien: Genie\u00dfen Sie einen &#8230;<\/p>\n","protected":false},"author":1,"featured_media":0,"parent":0,"menu_order":0,"comment_status":"closed","ping_status":"closed","template":"","meta":{"_acf_changed":false},"class_list":["post-508","page","type-page","status-publish","hentry"],"acf":[],"_links":{"self":[{"href":"https:\/\/www.hotelzanarini.it\/de\/wp-json\/wp\/v2\/pages\/508","targetHints":{"allow":["GET"]}}],"collection":[{"href":"https:\/\/www.hotelzanarini.it\/de\/wp-json\/wp\/v2\/pages"}],"about":[{"href":"https:\/\/www.hotelzanarini.it\/de\/wp-json\/wp\/v2\/types\/page"}],"author":[{"embeddable":true,"href":"https:\/\/www.hotelzanarini.it\/de\/wp-json\/wp\/v2\/users\/1"}],"replies":[{"embeddable":true,"href":"https:\/\/www.hotelzanarini.it\/de\/wp-json\/wp\/v2\/comments?post=508"}],"version-history":[{"count":0,"href":"https:\/\/www.hotelzanarini.it\/de\/wp-json\/wp\/v2\/pages\/508\/revisions"}],"wp:attachment":[{"href":"https:\/\/www.hotelzanarini.it\/de\/wp-json\/wp\/v2\/media?parent=508"}],"curies":[{"name":"wp","href":"https:\/\/api.w.org\/{rel}","templated":true}]}}