{"id":546,"date":"2016-07-29T12:11:55","date_gmt":"2016-07-29T10:11:55","guid":{"rendered":"https:\/\/www.hotelzanarini.itpagina-di-esempio\/"},"modified":"2023-09-12T15:06:15","modified_gmt":"2023-09-12T13:06:15","slug":"pagina-di-esempio","status":"publish","type":"page","link":"https:\/\/www.hotelzanarini.it\/de\/","title":{"rendered":"Im Herzen von Riccione"},"content":{"rendered":"<p>Wir befinden uns in einer ruhigen Lage, in einer Parallelstra\u00dfe der ber\u00fchmten und eleganten Viale Ceccarini, die nur 50 m entfernt ist: Die ideale Wahl f\u00fcr einen bequemen und sorglosen Urlaub mit Ihren Lieben.<\/p>\n<p>Entdecken Sie unsere <strong>speziellen Serviceleistungen f\u00fcr Paare und Familien<\/strong>, di exzellente lokale K\u00fcche, Kindermen\u00fcs und die vielen weiteren Vorteile eines Urlaubs wenige Schritte vom Zentrum entfernt.<\/p>\n<p>Ein Urlaub mittendrin. Wir befinden uns nur <strong>100 Meter vom Strand<\/strong>, 200 Meter vom Kongresszentrum in Riccione und 500 Meter von Riccione Terme entfernt: Egal welche Art von Urlaub Sie bevorzugen, das <strong>Hotel Zanarini ist die richtige Wahl<\/strong> f\u00fcr Sie, wenige Schritte von den wichtigsten Sehensw\u00fcrdigkeiten entfernt.<\/p>\n","protected":false},"excerpt":{"rendered":"<p>Wir befinden uns in einer ruhigen Lage, in einer Parallelstra\u00dfe der ber\u00fchmten und eleganten Viale Ceccarini, die nur 50 m &#8230;<\/p>\n","protected":false},"author":1,"featured_media":0,"parent":0,"menu_order":0,"comment_status":"closed","ping_status":"open","template":"","meta":{"_acf_changed":false},"class_list":["post-546","page","type-page","status-publish","hentry"],"acf":[],"_links":{"self":[{"href":"https:\/\/www.hotelzanarini.it\/de\/wp-json\/wp\/v2\/pages\/546","targetHints":{"allow":["GET"]}}],"collection":[{"href":"https:\/\/www.hotelzanarini.it\/de\/wp-json\/wp\/v2\/pages"}],"about":[{"href":"https:\/\/www.hotelzanarini.it\/de\/wp-json\/wp\/v2\/types\/page"}],"author":[{"embeddable":true,"href":"https:\/\/www.hotelzanarini.it\/de\/wp-json\/wp\/v2\/users\/1"}],"replies":[{"embeddable":true,"href":"https:\/\/www.hotelzanarini.it\/de\/wp-json\/wp\/v2\/comments?post=546"}],"version-history":[{"count":0,"href":"https:\/\/www.hotelzanarini.it\/de\/wp-json\/wp\/v2\/pages\/546\/revisions"}],"wp:attachment":[{"href":"https:\/\/www.hotelzanarini.it\/de\/wp-json\/wp\/v2\/media?parent=546"}],"curies":[{"name":"wp","href":"https:\/\/api.w.org\/{rel}","templated":true}]}}