{"id":481,"date":"2020-01-30T08:13:02","date_gmt":"2020-01-30T07:13:02","guid":{"rendered":"https:\/\/www.hotelzanarini.itdormire-a-riccione\/"},"modified":"2020-02-17T17:43:56","modified_gmt":"2020-02-17T16:43:56","slug":"chambres","status":"publish","type":"page","link":"https:\/\/www.hotelzanarini.it\/fr\/chambres\/","title":{"rendered":"Chambres"},"content":{"rendered":"<p>vous pourrez passer de merveilleuses <strong>vacances dans le centre de Riccione<\/strong>. \u00c0 votre arriv\u00e9e, vous pouvez choisir parmi nos <strong>chambres<\/strong> avec de nombreux services con\u00e7us pour am\u00e9liorer votre bien-\u00eatre.<\/p>\n","protected":false},"excerpt":{"rendered":"<p>vous pourrez passer de merveilleuses vacances dans le centre de Riccione. \u00c0 votre arriv\u00e9e, vous pouvez choisir parmi nos chambres &#8230;<\/p>\n","protected":false},"author":1,"featured_media":0,"parent":0,"menu_order":0,"comment_status":"closed","ping_status":"closed","template":"","meta":{"_acf_changed":false},"class_list":["post-481","page","type-page","status-publish","hentry"],"acf":[],"_links":{"self":[{"href":"https:\/\/www.hotelzanarini.it\/fr\/wp-json\/wp\/v2\/pages\/481","targetHints":{"allow":["GET"]}}],"collection":[{"href":"https:\/\/www.hotelzanarini.it\/fr\/wp-json\/wp\/v2\/pages"}],"about":[{"href":"https:\/\/www.hotelzanarini.it\/fr\/wp-json\/wp\/v2\/types\/page"}],"author":[{"embeddable":true,"href":"https:\/\/www.hotelzanarini.it\/fr\/wp-json\/wp\/v2\/users\/1"}],"replies":[{"embeddable":true,"href":"https:\/\/www.hotelzanarini.it\/fr\/wp-json\/wp\/v2\/comments?post=481"}],"version-history":[{"count":0,"href":"https:\/\/www.hotelzanarini.it\/fr\/wp-json\/wp\/v2\/pages\/481\/revisions"}],"wp:attachment":[{"href":"https:\/\/www.hotelzanarini.it\/fr\/wp-json\/wp\/v2\/media?parent=481"}],"curies":[{"name":"wp","href":"https:\/\/api.w.org\/{rel}","templated":true}]}}