{"id":492,"date":"2020-01-29T17:57:44","date_gmt":"2020-01-29T16:57:44","guid":{"rendered":"https:\/\/www.hotelzanarini.itristorazione\/"},"modified":"2020-04-07T10:46:58","modified_gmt":"2020-04-07T08:46:58","slug":"cuisine","status":"publish","type":"page","link":"https:\/\/www.hotelzanarini.it\/fr\/cuisine\/","title":{"rendered":"Cuisine"},"content":{"rendered":"<p>Au petit d\u00e9jeuner, vous pouvez choisir parmi de nombreuses gourmandises pr\u00e9sentes \u00e0 notre <b>buffet sucr\u00e9 et sal\u00e9<\/b>, pour commencer chaque journ\u00e9e avec la bonne dose d\u2019\u00e9nergie.<\/p>\n<p>Et pour le d\u00e9jeuner et le d\u00eener, nous pr\u00e9parons toujours un <b>riche buffet de l\u00e9gumes chauds et froids<\/b>, nous continuons ensuite avec <b>menu au choix de viande ou de poisson<\/b>, servi directement \u00e0 table, et puis nous terminons avec fruits frais et desserts dans notre <b>salle \u00e0 manger spacieuse et lumineuse.<\/b><\/p>\n<p>Nous sommes \u00e9galement disponibles pour satisfaire les besoins de chacun: dans notre h\u00f4tel \u00e0 Riccione. Les enfants aussi pourront compter sur des plats simples, savoureux et sains, avec <strong>baby menu<\/strong> d\u00e9di\u00e9 \u00e0 eux!<\/p>\n","protected":false},"excerpt":{"rendered":"<p>Au petit d\u00e9jeuner, vous pouvez choisir parmi de nombreuses gourmandises pr\u00e9sentes \u00e0 notre buffet sucr\u00e9 et sal\u00e9, pour commencer chaque &#8230;<\/p>\n","protected":false},"author":1,"featured_media":0,"parent":0,"menu_order":0,"comment_status":"closed","ping_status":"closed","template":"","meta":{"_acf_changed":false},"class_list":["post-492","page","type-page","status-publish","hentry"],"acf":[],"_links":{"self":[{"href":"https:\/\/www.hotelzanarini.it\/fr\/wp-json\/wp\/v2\/pages\/492","targetHints":{"allow":["GET"]}}],"collection":[{"href":"https:\/\/www.hotelzanarini.it\/fr\/wp-json\/wp\/v2\/pages"}],"about":[{"href":"https:\/\/www.hotelzanarini.it\/fr\/wp-json\/wp\/v2\/types\/page"}],"author":[{"embeddable":true,"href":"https:\/\/www.hotelzanarini.it\/fr\/wp-json\/wp\/v2\/users\/1"}],"replies":[{"embeddable":true,"href":"https:\/\/www.hotelzanarini.it\/fr\/wp-json\/wp\/v2\/comments?post=492"}],"version-history":[{"count":0,"href":"https:\/\/www.hotelzanarini.it\/fr\/wp-json\/wp\/v2\/pages\/492\/revisions"}],"wp:attachment":[{"href":"https:\/\/www.hotelzanarini.it\/fr\/wp-json\/wp\/v2\/media?parent=492"}],"curies":[{"name":"wp","href":"https:\/\/api.w.org\/{rel}","templated":true}]}}