{"id":507,"date":"2020-01-29T17:36:40","date_gmt":"2020-01-29T16:36:40","guid":{"rendered":"https:\/\/www.hotelzanarini.itservizi-a-misura-di-persona\/"},"modified":"2020-02-18T09:41:42","modified_gmt":"2020-02-18T08:41:42","slug":"services","status":"publish","type":"page","link":"https:\/\/www.hotelzanarini.it\/fr\/services\/","title":{"rendered":"Services"},"content":{"rendered":"<h2>Familles<\/h2>\n<p>Dans notre <strong>h\u00f4tel \u00e0 Riccione pour familles<\/strong>, vous trouverez de nombreux avantages pens\u00e9s pour les enfants et leurs familles: accordez-vous <strong>des vacances sans soucis pour papa et maman<\/strong> et super amusantes pour tous nos petits h\u00f4tes!<\/p>\n<div id='gallery-1' class='gallery galleryid-507 gallery-columns-3 gallery-size-medium'><figure class='gallery-item'>\n\t\t\t<div class='gallery-icon landscape'>\n\t\t\t\t<a href='https:\/\/www.hotelzanarini.it\/wp-content\/uploads\/2020\/01\/family4.jpg' data-size=\"1200x900\"><img loading=\"lazy\" decoding=\"async\" width=\"640\" height=\"420\" src=\"https:\/\/www.hotelzanarini.it\/wp-content\/uploads\/2020\/01\/family4-640x420.jpg\" class=\"attachment-medium size-medium\" alt=\"\" \/><\/a>\n\t\t\t<\/div><\/figure><figure class='gallery-item'>\n\t\t\t<div class='gallery-icon landscape'>\n\t\t\t\t<a href='https:\/\/www.hotelzanarini.it\/wp-content\/uploads\/2020\/01\/spazio-gioci-interno.jpg' data-size=\"1200x900\"><img loading=\"lazy\" decoding=\"async\" width=\"640\" height=\"420\" src=\"https:\/\/www.hotelzanarini.it\/wp-content\/uploads\/2020\/01\/spazio-gioci-interno-640x420.jpg\" class=\"attachment-medium size-medium\" alt=\"\" \/><\/a>\n\t\t\t<\/div><\/figure><figure class='gallery-item'>\n\t\t\t<div class='gallery-icon landscape'>\n\t\t\t\t<a href='https:\/\/www.hotelzanarini.it\/wp-content\/uploads\/2020\/01\/spazio-bimbi-esterno.jpg' data-size=\"1200x900\"><img loading=\"lazy\" decoding=\"async\" width=\"640\" height=\"420\" src=\"https:\/\/www.hotelzanarini.it\/wp-content\/uploads\/2020\/01\/spazio-bimbi-esterno-640x420.jpg\" class=\"attachment-medium size-medium\" alt=\"\" \/><\/a>\n\t\t\t<\/div><\/figure><figure class='gallery-item'>\n\t\t\t<div class='gallery-icon landscape'>\n\t\t\t\t<a href='https:\/\/www.hotelzanarini.it\/wp-content\/uploads\/2020\/01\/family3.jpg' data-size=\"1200x900\"><img loading=\"lazy\" decoding=\"async\" width=\"640\" height=\"420\" src=\"https:\/\/www.hotelzanarini.it\/wp-content\/uploads\/2020\/01\/family3-640x420.jpg\" class=\"attachment-medium size-medium\" alt=\"\" \/><\/a>\n\t\t\t<\/div><\/figure><figure class='gallery-item'>\n\t\t\t<div class='gallery-icon landscape'>\n\t\t\t\t<a href='https:\/\/www.hotelzanarini.it\/wp-content\/uploads\/2020\/01\/family1.jpg' data-size=\"1200x900\"><img loading=\"lazy\" decoding=\"async\" width=\"640\" height=\"420\" src=\"https:\/\/www.hotelzanarini.it\/wp-content\/uploads\/2020\/01\/family1-640x420.jpg\" class=\"attachment-medium size-medium\" alt=\"\" \/><\/a>\n\t\t\t<\/div><\/figure><figure class='gallery-item'>\n\t\t\t<div class='gallery-icon landscape'>\n\t\t\t\t<a href='https:\/\/www.hotelzanarini.it\/wp-content\/uploads\/2020\/01\/bici.jpg' data-size=\"1200x900\"><img loading=\"lazy\" decoding=\"async\" width=\"640\" height=\"420\" src=\"https:\/\/www.hotelzanarini.it\/wp-content\/uploads\/2020\/01\/bici-640x420.jpg\" class=\"attachment-medium size-medium\" alt=\"\" \/><\/a>\n\t\t\t<\/div><\/figure>\n\t\t<\/div>\n\n<p><strong>Pour vous : <\/strong>Aire de jeux, Animation, Accords avec parcs, Baby Menu, Babysitte<\/p>\n<h2>Couples<\/h2>\n<p>Riccione est la destination id\u00e9ale pour vos <strong>vacances en couple<\/strong>: un endroit jeune et glamour, avec plein de <strong>boutiques, pubs et restaurants<\/strong>, l\u2019offre parfaite pour un s\u00e9jour romantique, amusant et apaisant.<\/p>\n<p><strong>Pour vous : <\/strong><\/p>\n<ul>\n<li>Billets \u00e0 prix r\u00e9duit pour les Parcs<\/li>\n<li>Nous sommes \u00e0 500 m\u00e8tres seulement des Thermes de Riccione<\/li>\n<\/ul>\n<h2>Pour tous<\/h2>\n<p>Notre h\u00f4tel offre \u00e0 tous ses clients, qu\u2019ils soient en <strong>vacances pour plaisir<\/strong> ou qu\u2019ils arrivent \u00e0 Riccione pour <strong>engagements professionnels<\/strong>, de nombreux avantages. Accordez-vous un s\u00e9jour tranquille et sans tracas. <strong>Parmi les services propos\u00e9s vous trouverez :<\/strong><\/p>\n<ul>\n<li>Parking int\u00e9rieur sous r\u00e9serve de disponibilit\u00e9<\/li>\n<li>Espaces climatis\u00e9s<\/li>\n<li>Grand bar ouvert 24h\/24<\/li>\n<li>Veilleur de nuit<\/li>\n<li>Salle TV<\/li>\n<li>Ascenseur<\/li>\n<\/ul>\n","protected":false},"excerpt":{"rendered":"<p>Familles Dans notre h\u00f4tel \u00e0 Riccione pour familles, vous trouverez de nombreux avantages pens\u00e9s pour les enfants et leurs familles: &#8230;<\/p>\n","protected":false},"author":1,"featured_media":0,"parent":0,"menu_order":0,"comment_status":"closed","ping_status":"closed","template":"","meta":{"_acf_changed":false},"class_list":["post-507","page","type-page","status-publish","hentry"],"acf":[],"_links":{"self":[{"href":"https:\/\/www.hotelzanarini.it\/fr\/wp-json\/wp\/v2\/pages\/507","targetHints":{"allow":["GET"]}}],"collection":[{"href":"https:\/\/www.hotelzanarini.it\/fr\/wp-json\/wp\/v2\/pages"}],"about":[{"href":"https:\/\/www.hotelzanarini.it\/fr\/wp-json\/wp\/v2\/types\/page"}],"author":[{"embeddable":true,"href":"https:\/\/www.hotelzanarini.it\/fr\/wp-json\/wp\/v2\/users\/1"}],"replies":[{"embeddable":true,"href":"https:\/\/www.hotelzanarini.it\/fr\/wp-json\/wp\/v2\/comments?post=507"}],"version-history":[{"count":0,"href":"https:\/\/www.hotelzanarini.it\/fr\/wp-json\/wp\/v2\/pages\/507\/revisions"}],"wp:attachment":[{"href":"https:\/\/www.hotelzanarini.it\/fr\/wp-json\/wp\/v2\/media?parent=507"}],"curies":[{"name":"wp","href":"https:\/\/api.w.org\/{rel}","templated":true}]}}