{"id":545,"date":"2016-07-29T12:11:55","date_gmt":"2016-07-29T10:11:55","guid":{"rendered":"https:\/\/www.hotelzanarini.itpagina-di-esempio\/"},"modified":"2023-09-12T15:09:05","modified_gmt":"2023-09-12T13:09:05","slug":"pagina-di-esempio","status":"publish","type":"page","link":"https:\/\/www.hotelzanarini.it\/fr\/","title":{"rendered":"Au coeur de Riccione"},"content":{"rendered":"<p>Nous sommes dans un endroit calme, dans une rue parall\u00e8le \u00e0 la plus c\u00e9l\u00e8bre et \u00e9l\u00e9gante avenue de Riccione, \u00e0 seulement 50 m\u00e8tres de notre h\u00f4tel: l&rsquo;h\u00e9bergement id\u00e9al pour un s\u00e9jour confortable et sans tracas, \u00e0 partager avec ceux que vous aimez.<\/p>\n<p>Venez d\u00e9couvrir nos <strong>services d\u00e9di\u00e9s aux couples et aux familles<\/strong>, l&rsquo;excellente cuisine typique, les menus d\u00e9di\u00e9s aux enfants, clients c\u0153liaques, et les nombreux autres avantages de dormir \u00e0 proximit\u00e9 du centre, pour des vacances consacr\u00e9es \u00e0 vous-m\u00eame.<\/p>\n<p>Des vacances au centre de tout. De plus, nous sommes \u00e0 seulement <strong>100 m\u00e8tres de la plage<\/strong>, \u00e0 200 m\u00e8tres du centre des congr\u00e8s de Riccione et \u00e0 500 m\u00e8tres de Riccione Terme: quel que soit votre id\u00e9e des vacances, <strong>Zanarini H\u00f4tel est le bon choix pour vous<\/strong>, \u00e0 quelques pas des principaux sites d&rsquo;int\u00e9r\u00eat de cette localit\u00e9.<\/p>\n","protected":false},"excerpt":{"rendered":"<p>Nous sommes dans un endroit calme, dans une rue parall\u00e8le \u00e0 la plus c\u00e9l\u00e8bre et \u00e9l\u00e9gante avenue de Riccione, \u00e0 &#8230;<\/p>\n","protected":false},"author":1,"featured_media":0,"parent":0,"menu_order":0,"comment_status":"closed","ping_status":"open","template":"","meta":{"_acf_changed":false},"class_list":["post-545","page","type-page","status-publish","hentry"],"acf":[],"_links":{"self":[{"href":"https:\/\/www.hotelzanarini.it\/fr\/wp-json\/wp\/v2\/pages\/545","targetHints":{"allow":["GET"]}}],"collection":[{"href":"https:\/\/www.hotelzanarini.it\/fr\/wp-json\/wp\/v2\/pages"}],"about":[{"href":"https:\/\/www.hotelzanarini.it\/fr\/wp-json\/wp\/v2\/types\/page"}],"author":[{"embeddable":true,"href":"https:\/\/www.hotelzanarini.it\/fr\/wp-json\/wp\/v2\/users\/1"}],"replies":[{"embeddable":true,"href":"https:\/\/www.hotelzanarini.it\/fr\/wp-json\/wp\/v2\/comments?post=545"}],"version-history":[{"count":0,"href":"https:\/\/www.hotelzanarini.it\/fr\/wp-json\/wp\/v2\/pages\/545\/revisions"}],"wp:attachment":[{"href":"https:\/\/www.hotelzanarini.it\/fr\/wp-json\/wp\/v2\/media?parent=545"}],"curies":[{"name":"wp","href":"https:\/\/api.w.org\/{rel}","templated":true}]}}